{"id":48,"date":"2020-12-11T12:53:38","date_gmt":"2020-12-11T11:53:38","guid":{"rendered":"https:\/\/bsc-rehberge.com\/handball\/?page_id=48"},"modified":"2026-01-06T15:28:49","modified_gmt":"2026-01-06T14:28:49","slug":"sponsoren","status":"publish","type":"page","link":"https:\/\/bsc-rehberge.com\/handball\/sponsoren\/","title":{"rendered":"Sponsoren"},"content":{"rendered":"\t\t<div data-elementor-type=\"wp-page\" data-elementor-id=\"48\" class=\"elementor elementor-48\">\n\t\t\t\t<div class=\"elementor-element elementor-element-76412be e-flex e-con-boxed e-con e-parent\" data-id=\"76412be\" data-element_type=\"container\">\n\t\t\t\t\t<div class=\"e-con-inner\">\n\t\t\t\t<div class=\"elementor-element elementor-element-b8d3c1f elementor-widget elementor-widget-heading\" data-id=\"b8d3c1f\" data-element_type=\"widget\" data-widget_type=\"heading.default\">\n\t\t\t\t<div class=\"elementor-widget-container\">\n\t\t\t<style>\/*! elementor - v3.22.0 - 17-06-2024 *\/\n.elementor-heading-title{padding:0;margin:0;line-height:1}.elementor-widget-heading .elementor-heading-title[class*=elementor-size-]>a{color:inherit;font-size:inherit;line-height:inherit}.elementor-widget-heading .elementor-heading-title.elementor-size-small{font-size:15px}.elementor-widget-heading .elementor-heading-title.elementor-size-medium{font-size:19px}.elementor-widget-heading .elementor-heading-title.elementor-size-large{font-size:29px}.elementor-widget-heading .elementor-heading-title.elementor-size-xl{font-size:39px}.elementor-widget-heading .elementor-heading-title.elementor-size-xxl{font-size:59px}<\/style><h1 class=\"elementor-heading-title elementor-size-default\">Sponsoren<\/h1>\t\t<\/div>\n\t\t\t\t<\/div>\n\t\t\t\t\t<\/div>\n\t\t\t\t<\/div>\n\t\t<div class=\"elementor-element elementor-element-83d5221 e-flex e-con-boxed e-con e-parent\" data-id=\"83d5221\" data-element_type=\"container\">\n\t\t\t\t\t<div class=\"e-con-inner\">\n\t\t\t\t<div class=\"elementor-element elementor-element-570f160 elementor-widget elementor-widget-heading\" data-id=\"570f160\" data-element_type=\"widget\" data-widget_type=\"heading.default\">\n\t\t\t\t<div class=\"elementor-widget-container\">\n\t\t\t<h2 class=\"elementor-heading-title elementor-size-default\">Neuer Sponsor f\u00fcr die Frauen I<\/h2>\t\t<\/div>\n\t\t\t\t<\/div>\n\t\t\t\t<div class=\"elementor-element elementor-element-5c38a31 elementor-widget elementor-widget-text-editor\" data-id=\"5c38a31\" data-element_type=\"widget\" data-widget_type=\"text-editor.default\">\n\t\t\t\t<div class=\"elementor-widget-container\">\n\t\t\t<style>\/*! elementor - v3.22.0 - 17-06-2024 *\/\n.elementor-widget-text-editor.elementor-drop-cap-view-stacked .elementor-drop-cap{background-color:#69727d;color:#fff}.elementor-widget-text-editor.elementor-drop-cap-view-framed .elementor-drop-cap{color:#69727d;border:3px solid;background-color:transparent}.elementor-widget-text-editor:not(.elementor-drop-cap-view-default) .elementor-drop-cap{margin-top:8px}.elementor-widget-text-editor:not(.elementor-drop-cap-view-default) .elementor-drop-cap-letter{width:1em;height:1em}.elementor-widget-text-editor .elementor-drop-cap{float:left;text-align:center;line-height:1;font-size:50px}.elementor-widget-text-editor .elementor-drop-cap-letter{display:inline-block}<\/style>\t\t\t\t<p>Die Frauen I bedanken sich herzlichst bei ihrem Sponsor <a href=\"https:\/\/cujic.de\"><strong>Cujic Geb\u00e4udedienste<\/strong><\/a> f\u00fcr die sch\u00f6nen neuen Trikots!<\/p>\t\t\t\t\t\t<\/div>\n\t\t\t\t<\/div>\n\t\t<div class=\"elementor-element elementor-element-b522f7a e-flex e-con-boxed e-con e-child\" data-id=\"b522f7a\" data-element_type=\"container\">\n\t\t\t\t\t<div class=\"e-con-inner\">\n\t\t\t\t<div class=\"elementor-element elementor-element-d1e4949 elementor-widget elementor-widget-image\" data-id=\"d1e4949\" data-element_type=\"widget\" data-widget_type=\"image.default\">\n\t\t\t\t<div class=\"elementor-widget-container\">\n\t\t\t<style>\/*! elementor - v3.22.0 - 17-06-2024 *\/\n.elementor-widget-image{text-align:center}.elementor-widget-image a{display:inline-block}.elementor-widget-image a img[src$=\".svg\"]{width:48px}.elementor-widget-image img{vertical-align:middle;display:inline-block}<\/style>\t\t\t\t\t\t\t\t\t\t<img fetchpriority=\"high\" decoding=\"async\" width=\"800\" height=\"533\" src=\"https:\/\/bsc-rehberge.com\/handball\/wp-content\/uploads\/sites\/8\/2025\/10\/Mannschaftsfoto_Frauen1-1024x682.jpg\" class=\"attachment-large size-large wp-image-2770\" alt=\"\" srcset=\"https:\/\/bsc-rehberge.com\/handball\/wp-content\/uploads\/sites\/8\/2025\/10\/Mannschaftsfoto_Frauen1-1024x682.jpg 1024w, https:\/\/bsc-rehberge.com\/handball\/wp-content\/uploads\/sites\/8\/2025\/10\/Mannschaftsfoto_Frauen1-300x200.jpg 300w, https:\/\/bsc-rehberge.com\/handball\/wp-content\/uploads\/sites\/8\/2025\/10\/Mannschaftsfoto_Frauen1-768x512.jpg 768w, https:\/\/bsc-rehberge.com\/handball\/wp-content\/uploads\/sites\/8\/2025\/10\/Mannschaftsfoto_Frauen1.jpg 1280w\" sizes=\"(max-width: 800px) 100vw, 800px\" \/>\t\t\t\t\t\t\t\t\t\t\t\t\t<\/div>\n\t\t\t\t<\/div>\n\t\t\t\t\t<\/div>\n\t\t\t\t<\/div>\n\t\t<div class=\"elementor-element elementor-element-e4b1179 e-con-full e-flex e-con e-child\" data-id=\"e4b1179\" data-element_type=\"container\">\n\t\t\t\t<div class=\"elementor-element elementor-element-1efecea elementor-widget elementor-widget-heading\" data-id=\"1efecea\" data-element_type=\"widget\" data-widget_type=\"heading.default\">\n\t\t\t\t<div class=\"elementor-widget-container\">\n\t\t\t<h2 class=\"elementor-heading-title elementor-size-default\">Neuer Sponsor f\u00fcr die M\u00e4nner<\/h2>\t\t<\/div>\n\t\t\t\t<\/div>\n\t\t\t\t<div class=\"elementor-element elementor-element-68b4e4d elementor-widget elementor-widget-text-editor\" data-id=\"68b4e4d\" data-element_type=\"widget\" data-widget_type=\"text-editor.default\">\n\t\t\t\t<div class=\"elementor-widget-container\">\n\t\t\t\t\t\t\t<p>Die M\u00e4nnermannschaft bedankt sich bei ihrem Sponsor <strong>Allfinanz \u2013 Deutsche Verm\u00f6gensberatung \u2013 Matthias Wolff<\/strong>\u00a0f\u00fcr die neuen Trikots.<\/p>\t\t\t\t\t\t<\/div>\n\t\t\t\t<\/div>\n\t\t<div class=\"elementor-element elementor-element-1e4240e e-flex e-con-boxed e-con e-child\" data-id=\"1e4240e\" data-element_type=\"container\">\n\t\t\t\t\t<div class=\"e-con-inner\">\n\t\t<div class=\"elementor-element elementor-element-12b6eb7 e-con-full e-flex e-con e-child\" data-id=\"12b6eb7\" data-element_type=\"container\" data-settings=\"{&quot;background_background&quot;:&quot;classic&quot;}\">\n\t\t\t\t<\/div>\n\t\t<div class=\"elementor-element elementor-element-93dd593 e-con-full e-flex e-con e-child\" data-id=\"93dd593\" data-element_type=\"container\" data-settings=\"{&quot;background_background&quot;:&quot;classic&quot;}\">\n\t\t\t\t<\/div>\n\t\t\t\t\t<\/div>\n\t\t\t\t<\/div>\n\t\t\t\t<\/div>\n\t\t\t\t\t<\/div>\n\t\t\t\t<\/div>\n\t\t<div class=\"elementor-element elementor-element-3046c37 e-con-full e-flex e-con e-parent\" data-id=\"3046c37\" data-element_type=\"container\">\n\t\t\t\t<div class=\"elementor-element elementor-element-d605eb1 elementor-widget elementor-widget-image\" data-id=\"d605eb1\" data-element_type=\"widget\" data-widget_type=\"image.default\">\n\t\t\t\t<div class=\"elementor-widget-container\">\n\t\t\t\t\t\t\t\t\t\t\t\t\t<img decoding=\"async\" width=\"800\" height=\"450\" src=\"https:\/\/bsc-rehberge.com\/handball\/wp-content\/uploads\/sites\/8\/2024\/09\/SMIE1493-1024x576.jpg\" class=\"attachment-large size-large wp-image-1843\" alt=\"\" srcset=\"https:\/\/bsc-rehberge.com\/handball\/wp-content\/uploads\/sites\/8\/2024\/09\/SMIE1493-1024x576.jpg 1024w, https:\/\/bsc-rehberge.com\/handball\/wp-content\/uploads\/sites\/8\/2024\/09\/SMIE1493-300x169.jpg 300w, https:\/\/bsc-rehberge.com\/handball\/wp-content\/uploads\/sites\/8\/2024\/09\/SMIE1493-768x432.jpg 768w, https:\/\/bsc-rehberge.com\/handball\/wp-content\/uploads\/sites\/8\/2024\/09\/SMIE1493-1536x864.jpg 1536w, https:\/\/bsc-rehberge.com\/handball\/wp-content\/uploads\/sites\/8\/2024\/09\/SMIE1493-rotated.jpg 2048w\" sizes=\"(max-width: 800px) 100vw, 800px\" \/>\t\t\t\t\t\t\t\t\t\t\t\t\t<\/div>\n\t\t\t\t<\/div>\n\t\t\t\t<div class=\"elementor-element elementor-element-731cfbe elementor-widget elementor-widget-text-editor\" data-id=\"731cfbe\" data-element_type=\"widget\" data-widget_type=\"text-editor.default\">\n\t\t\t\t<div class=\"elementor-widget-container\">\n\t\t\t\t\t\t\t<p>Die 2. Damenmannschaft bedankt sich bei ihrem Sponsor<\/p><p><strong>Ronny &#8211; Getr\u00e4nke Hoffmann, Oranienburger Str. 114, 13437 Berlin &#8211;<\/strong><\/p><p>f\u00fcr die Hummel Pullis.<\/p>\t\t\t\t\t\t<\/div>\n\t\t\t\t<\/div>\n\t\t\t\t<\/div>\n\t\t<div class=\"elementor-element elementor-element-acf9b43 e-flex e-con-boxed e-con e-parent\" data-id=\"acf9b43\" data-element_type=\"container\">\n\t\t\t\t\t<div class=\"e-con-inner\">\n\t\t\t\t<div class=\"elementor-element elementor-element-d579f66 elementor-widget elementor-widget-heading\" data-id=\"d579f66\" data-element_type=\"widget\" data-widget_type=\"heading.default\">\n\t\t\t\t<div class=\"elementor-widget-container\">\n\t\t\t<h2 class=\"elementor-heading-title elementor-size-default\">Neuer Sponsor f\u00fcr die weibliche A-Jugend<\/h2>\t\t<\/div>\n\t\t\t\t<\/div>\n\t\t\t\t<div class=\"elementor-element elementor-element-57a9a85 elementor-widget elementor-widget-text-editor\" data-id=\"57a9a85\" data-element_type=\"widget\" data-widget_type=\"text-editor.default\">\n\t\t\t\t<div class=\"elementor-widget-container\">\n\t\t\t\t\t\t\t<p>Die weibliche A-Jugend des BSC Rehberge bedankt sich bei ihrem Sponsor <strong>MATTH\u00c4I Bauunternehmen<\/strong> f\u00fcr die neuen Trikots<\/p>\t\t\t\t\t\t<\/div>\n\t\t\t\t<\/div>\n\t\t\t\t<div class=\"elementor-element elementor-element-dab8d85 elementor-widget elementor-widget-image\" data-id=\"dab8d85\" data-element_type=\"widget\" data-widget_type=\"image.default\">\n\t\t\t\t<div class=\"elementor-widget-container\">\n\t\t\t\t\t\t\t\t\t\t\t\t\t<img decoding=\"async\" width=\"800\" height=\"601\" src=\"https:\/\/bsc-rehberge.com\/handball\/wp-content\/uploads\/sites\/8\/2021\/12\/Saison-2021-22-edited-1024x769.jpg\" class=\"attachment-large size-large wp-image-900\" alt=\"\" srcset=\"https:\/\/bsc-rehberge.com\/handball\/wp-content\/uploads\/sites\/8\/2021\/12\/Saison-2021-22-edited-1024x769.jpg 1024w, https:\/\/bsc-rehberge.com\/handball\/wp-content\/uploads\/sites\/8\/2021\/12\/Saison-2021-22-edited-300x225.jpg 300w, https:\/\/bsc-rehberge.com\/handball\/wp-content\/uploads\/sites\/8\/2021\/12\/Saison-2021-22-edited-768x576.jpg 768w, https:\/\/bsc-rehberge.com\/handball\/wp-content\/uploads\/sites\/8\/2021\/12\/Saison-2021-22-edited.jpg 1311w\" sizes=\"(max-width: 800px) 100vw, 800px\" \/>\t\t\t\t\t\t\t\t\t\t\t\t\t<\/div>\n\t\t\t\t<\/div>\n\t\t\t\t\t<\/div>\n\t\t\t\t<\/div>\n\t\t<div class=\"elementor-element elementor-element-eab462b e-flex e-con-boxed e-con e-parent\" data-id=\"eab462b\" data-element_type=\"container\">\n\t\t\t\t\t<div class=\"e-con-inner\">\n\t\t\t\t<div class=\"elementor-element elementor-element-b9f520e elementor-widget elementor-widget-heading\" data-id=\"b9f520e\" data-element_type=\"widget\" data-widget_type=\"heading.default\">\n\t\t\t\t<div class=\"elementor-widget-container\">\n\t\t\t<h2 class=\"elementor-heading-title elementor-size-default\">Aktuelle Sponsoren<\/h2>\t\t<\/div>\n\t\t\t\t<\/div>\n\t\t<div class=\"elementor-element elementor-element-17a2ec8 e-con-full e-grid e-con e-child\" data-id=\"17a2ec8\" data-element_type=\"container\" data-settings=\"{&quot;background_background&quot;:&quot;classic&quot;}\">\n\t\t<a class=\"elementor-element elementor-element-0e31ed4 e-con-full e-flex e-con e-child\" data-id=\"0e31ed4\" data-element_type=\"container\" data-settings=\"{&quot;background_background&quot;:&quot;classic&quot;}\" href=\"https:\/\/www.allfinanz.ag\/matthias.wolff\/index.html\" target=\"_blank\">\n\t\t\t\t<div class=\"elementor-element elementor-element-84a2813 elementor-widget elementor-widget-image\" data-id=\"84a2813\" data-element_type=\"widget\" data-widget_type=\"image.default\">\n\t\t\t\t<div class=\"elementor-widget-container\">\n\t\t\t\t\t\t\t\t\t\t\t\t\t<img loading=\"lazy\" decoding=\"async\" width=\"800\" height=\"400\" src=\"https:\/\/bsc-rehberge.com\/handball\/wp-content\/uploads\/sites\/8\/2024\/06\/allfinanz.webp\" class=\"attachment-large size-large wp-image-1409\" alt=\"\" srcset=\"https:\/\/bsc-rehberge.com\/handball\/wp-content\/uploads\/sites\/8\/2024\/06\/allfinanz.webp 800w, https:\/\/bsc-rehberge.com\/handball\/wp-content\/uploads\/sites\/8\/2024\/06\/allfinanz-300x150.webp 300w, https:\/\/bsc-rehberge.com\/handball\/wp-content\/uploads\/sites\/8\/2024\/06\/allfinanz-768x384.webp 768w\" sizes=\"(max-width: 800px) 100vw, 800px\" \/>\t\t\t\t\t\t\t\t\t\t\t\t\t<\/div>\n\t\t\t\t<\/div>\n\t\t\t\t<\/a>\n\t\t<a class=\"elementor-element elementor-element-4ed6c78 e-con-full e-flex e-con e-child\" data-id=\"4ed6c78\" data-element_type=\"container\" data-settings=\"{&quot;background_background&quot;:&quot;classic&quot;}\" href=\"https:\/\/www.matthaei.de\/\" target=\"_blank\">\n\t\t\t\t<div class=\"elementor-element elementor-element-4730ff1 elementor-widget elementor-widget-image\" data-id=\"4730ff1\" data-element_type=\"widget\" data-widget_type=\"image.default\">\n\t\t\t\t<div class=\"elementor-widget-container\">\n\t\t\t\t\t\t\t\t\t\t\t\t\t<img loading=\"lazy\" decoding=\"async\" width=\"800\" height=\"400\" src=\"https:\/\/bsc-rehberge.com\/handball\/wp-content\/uploads\/sites\/8\/2024\/06\/matthaei.webp\" class=\"attachment-full size-full wp-image-1410\" alt=\"\" srcset=\"https:\/\/bsc-rehberge.com\/handball\/wp-content\/uploads\/sites\/8\/2024\/06\/matthaei.webp 800w, https:\/\/bsc-rehberge.com\/handball\/wp-content\/uploads\/sites\/8\/2024\/06\/matthaei-300x150.webp 300w, https:\/\/bsc-rehberge.com\/handball\/wp-content\/uploads\/sites\/8\/2024\/06\/matthaei-768x384.webp 768w\" sizes=\"(max-width: 800px) 100vw, 800px\" \/>\t\t\t\t\t\t\t\t\t\t\t\t\t<\/div>\n\t\t\t\t<\/div>\n\t\t\t\t<\/a>\n\t\t<a class=\"elementor-element elementor-element-d7844db e-con-full e-flex e-con e-child\" data-id=\"d7844db\" data-element_type=\"container\" data-settings=\"{&quot;background_background&quot;:&quot;classic&quot;}\" href=\"https:\/\/www.vimavi-marketing.de\/\" target=\"_blank\">\n\t\t\t\t<div class=\"elementor-element elementor-element-b35d6c4 elementor-widget elementor-widget-image\" data-id=\"b35d6c4\" data-element_type=\"widget\" data-widget_type=\"image.default\">\n\t\t\t\t<div class=\"elementor-widget-container\">\n\t\t\t\t\t\t\t\t\t\t\t\t\t<img loading=\"lazy\" decoding=\"async\" width=\"1000\" height=\"1000\" src=\"https:\/\/bsc-rehberge.com\/handball\/wp-content\/uploads\/sites\/8\/2024\/06\/logo-warmgrau.svg\" class=\"attachment-full size-full wp-image-1279\" alt=\"\" \/>\t\t\t\t\t\t\t\t\t\t\t\t\t<\/div>\n\t\t\t\t<\/div>\n\t\t\t\t<\/a>\n\t\t<div class=\"elementor-element elementor-element-5c2911d e-con-full e-flex e-con e-child\" data-id=\"5c2911d\" data-element_type=\"container\">\n\t\t\t\t<div class=\"elementor-element elementor-element-b1f894d elementor-widget elementor-widget-image\" data-id=\"b1f894d\" data-element_type=\"widget\" data-widget_type=\"image.default\">\n\t\t\t\t<div class=\"elementor-widget-container\">\n\t\t\t\t\t\t\t\t\t\t\t\t\t\t<a href=\"https:\/\/cujic.de\">\n\t\t\t\t\t\t\t<img loading=\"lazy\" decoding=\"async\" width=\"800\" height=\"460\" src=\"https:\/\/bsc-rehberge.com\/handball\/wp-content\/uploads\/sites\/8\/2025\/07\/Cujic_Logo_mit_blau_RGB-1024x589.png\" class=\"attachment-large size-large wp-image-2565\" alt=\"\" srcset=\"https:\/\/bsc-rehberge.com\/handball\/wp-content\/uploads\/sites\/8\/2025\/07\/Cujic_Logo_mit_blau_RGB-1024x589.png 1024w, https:\/\/bsc-rehberge.com\/handball\/wp-content\/uploads\/sites\/8\/2025\/07\/Cujic_Logo_mit_blau_RGB-300x173.png 300w, https:\/\/bsc-rehberge.com\/handball\/wp-content\/uploads\/sites\/8\/2025\/07\/Cujic_Logo_mit_blau_RGB-768x442.png 768w, https:\/\/bsc-rehberge.com\/handball\/wp-content\/uploads\/sites\/8\/2025\/07\/Cujic_Logo_mit_blau_RGB.png 1532w\" sizes=\"(max-width: 800px) 100vw, 800px\" \/>\t\t\t\t\t\t\t\t<\/a>\n\t\t\t\t\t\t\t\t\t\t\t\t\t<\/div>\n\t\t\t\t<\/div>\n\t\t\t\t<\/div>\n\t\t\t\t<\/div>\n\t\t\t\t\t<\/div>\n\t\t\t\t<\/div>\n\t\t\t\t<\/div>\n\t\t","protected":false},"excerpt":{"rendered":"<p>\/*! elementor &#8211; v3.22.0 &#8211; 17-06-2024 *\/ .elementor-heading-title{padding:0;margin:0;line-height:1}.elementor-widget-heading .elementor-heading-title[class*=elementor-size-]&gt;a{color:inherit;font-size:inherit;line-height:inherit}.elementor-widget-heading .elementor-heading-title.elementor-size-small{font-size:15px}.elementor-widget-heading .elementor-heading-title.elementor-size-medium{font-size:19px}.elementor-widget-heading .elementor-heading-title.elementor-size-large{font-size:29px}.elementor-widget-heading .elementor-heading-title.elementor-size-xl{font-size:39px}.elementor-widget-heading .elementor-heading-title.elementor-size-xxl{font-size:59px} Sponsoren Neuer Sponsor f\u00fcr die Frauen I Die Frauen I bedanken sich herzlichst bei ihrem Sponsor Cujic Geb\u00e4udedienste f\u00fcr die sch\u00f6nen neuen Trikots! \/*! elementor &#8211; v3.22.0 &#8211; 17-06-2024 *\/ .elementor-widget-image{text-align:center}.elementor-widget-image a{display:inline-block}.elementor-widget-image a img[src$=&#8220;.svg&#8220;]{width:48px}.elementor-widget-image img{vertical-align:middle;display:inline-block} Neuer Sponsor f\u00fcr die M\u00e4nner Die [&hellip;]<\/p>\n","protected":false},"author":1,"featured_media":0,"parent":0,"menu_order":0,"comment_status":"closed","ping_status":"closed","template":"","meta":{"footnotes":""},"class_list":["post-48","page","type-page","status-publish","hentry"],"_links":{"self":[{"href":"https:\/\/bsc-rehberge.com\/handball\/wp-json\/wp\/v2\/pages\/48","targetHints":{"allow":["GET"]}}],"collection":[{"href":"https:\/\/bsc-rehberge.com\/handball\/wp-json\/wp\/v2\/pages"}],"about":[{"href":"https:\/\/bsc-rehberge.com\/handball\/wp-json\/wp\/v2\/types\/page"}],"author":[{"embeddable":true,"href":"https:\/\/bsc-rehberge.com\/handball\/wp-json\/wp\/v2\/users\/1"}],"replies":[{"embeddable":true,"href":"https:\/\/bsc-rehberge.com\/handball\/wp-json\/wp\/v2\/comments?post=48"}],"version-history":[{"count":49,"href":"https:\/\/bsc-rehberge.com\/handball\/wp-json\/wp\/v2\/pages\/48\/revisions"}],"predecessor-version":[{"id":2863,"href":"https:\/\/bsc-rehberge.com\/handball\/wp-json\/wp\/v2\/pages\/48\/revisions\/2863"}],"wp:attachment":[{"href":"https:\/\/bsc-rehberge.com\/handball\/wp-json\/wp\/v2\/media?parent=48"}],"curies":[{"name":"wp","href":"https:\/\/api.w.org\/{rel}","templated":true}]}}