{"id":1908,"date":"2021-05-16T17:05:15","date_gmt":"2021-05-16T15:05:15","guid":{"rendered":"https:\/\/bsc-rehberge.com\/fussball\/?page_id=1908"},"modified":"2024-06-11T20:31:55","modified_gmt":"2024-06-11T18:31:55","slug":"kontakt","status":"publish","type":"page","link":"https:\/\/bsc-rehberge.com\/fussball\/kontakt\/","title":{"rendered":"Kontakt"},"content":{"rendered":"\t\t<div data-elementor-type=\"wp-page\" data-elementor-id=\"1908\" class=\"elementor elementor-1908\">\n\t\t\t\t<div class=\"elementor-element elementor-element-4768c83 e-flex e-con-boxed e-con e-parent\" data-id=\"4768c83\" data-element_type=\"container\" data-settings=\"{&quot;background_background&quot;:&quot;classic&quot;}\">\n\t\t\t\t\t<div class=\"e-con-inner\">\n\t\t\t\t<div class=\"elementor-element elementor-element-964f7d0 elementor-widget elementor-widget-heading\" data-id=\"964f7d0\" data-element_type=\"widget\" data-widget_type=\"heading.default\">\n\t\t\t\t<div class=\"elementor-widget-container\">\n\t\t\t<style>\/*! elementor - v3.22.0 - 17-06-2024 *\/\n.elementor-heading-title{padding:0;margin:0;line-height:1}.elementor-widget-heading .elementor-heading-title[class*=elementor-size-]>a{color:inherit;font-size:inherit;line-height:inherit}.elementor-widget-heading .elementor-heading-title.elementor-size-small{font-size:15px}.elementor-widget-heading .elementor-heading-title.elementor-size-medium{font-size:19px}.elementor-widget-heading .elementor-heading-title.elementor-size-large{font-size:29px}.elementor-widget-heading .elementor-heading-title.elementor-size-xl{font-size:39px}.elementor-widget-heading .elementor-heading-title.elementor-size-xxl{font-size:59px}<\/style><h1 class=\"elementor-heading-title elementor-size-default\">Kontaktformulare<\/h1>\t\t<\/div>\n\t\t\t\t<\/div>\n\t\t\t\t\t<\/div>\n\t\t\t\t<\/div>\n\t\t<div class=\"elementor-element elementor-element-2d46461 e-flex e-con-boxed e-con e-parent\" data-id=\"2d46461\" data-element_type=\"container\">\n\t\t\t\t\t<div class=\"e-con-inner\">\n\t\t\t\t<div class=\"elementor-element elementor-element-5da2272 elementor-widget elementor-widget-heading\" data-id=\"5da2272\" data-element_type=\"widget\" data-widget_type=\"heading.default\">\n\t\t\t\t<div class=\"elementor-widget-container\">\n\t\t\t<h2 class=\"elementor-heading-title elementor-size-default\">Schreibe uns hier<\/h2>\t\t<\/div>\n\t\t\t\t<\/div>\n\t\t\t\t<div class=\"elementor-element elementor-element-1a90dcd elementor-widget elementor-widget-text-editor\" data-id=\"1a90dcd\" data-element_type=\"widget\" data-widget_type=\"text-editor.default\">\n\t\t\t\t<div class=\"elementor-widget-container\">\n\t\t\t<style>\/*! elementor - v3.22.0 - 17-06-2024 *\/\n.elementor-widget-text-editor.elementor-drop-cap-view-stacked .elementor-drop-cap{background-color:#69727d;color:#fff}.elementor-widget-text-editor.elementor-drop-cap-view-framed .elementor-drop-cap{color:#69727d;border:3px solid;background-color:transparent}.elementor-widget-text-editor:not(.elementor-drop-cap-view-default) .elementor-drop-cap{margin-top:8px}.elementor-widget-text-editor:not(.elementor-drop-cap-view-default) .elementor-drop-cap-letter{width:1em;height:1em}.elementor-widget-text-editor .elementor-drop-cap{float:left;text-align:center;line-height:1;font-size:50px}.elementor-widget-text-editor .elementor-drop-cap-letter{display:inline-block}<\/style>\t\t\t\t<p>Kontaktiere uns gern \u00fcber unser Kontaktformular. Egal, ob es hier um deinen Mitgliedsantrag bzw. die Anmeldung zu einem Probetraining geht (Infos dazu unten), du dich anderweitig bei uns im Verein bet\u00e4tigen m\u00f6chtest, ein Sponsoring-Angebot hast oder sonstige Anliegen, hier bist du richtig. W\u00e4hl das entsprechende Anliegen im Kontaktformular aus.<\/p>\t\t\t\t\t\t<\/div>\n\t\t\t\t<\/div>\n\t\t\t\t\t<\/div>\n\t\t\t\t<\/div>\n\t\t<div class=\"elementor-element elementor-element-2b6e7ad e-flex e-con-boxed e-con e-parent\" data-id=\"2b6e7ad\" data-element_type=\"container\">\n\t\t\t\t\t<div class=\"e-con-inner\">\n\t\t\t\t<div class=\"elementor-element elementor-element-0e8916c elementor-widget elementor-widget-wpforms\" data-id=\"0e8916c\" data-element_type=\"widget\" data-widget_type=\"wpforms.default\">\n\t\t\t\t<div class=\"elementor-widget-container\">\n\t\t\t<style id=\"wpforms-css-vars-root\">\n\t\t\t\t:root {\n\t\t\t\t\t--wpforms-field-border-radius: 3px;\n--wpforms-field-border-style: solid;\n--wpforms-field-border-size: 1px;\n--wpforms-field-background-color: #ffffff;\n--wpforms-field-border-color: rgba( 0, 0, 0, 0.25 );\n--wpforms-field-border-color-spare: rgba( 0, 0, 0, 0.25 );\n--wpforms-field-text-color: rgba( 0, 0, 0, 0.7 );\n--wpforms-field-menu-color: #ffffff;\n--wpforms-label-color: rgba( 0, 0, 0, 0.85 );\n--wpforms-label-sublabel-color: rgba( 0, 0, 0, 0.55 );\n--wpforms-label-error-color: #d63637;\n--wpforms-button-border-radius: 3px;\n--wpforms-button-border-style: none;\n--wpforms-button-border-size: 1px;\n--wpforms-button-background-color: #066aab;\n--wpforms-button-border-color: #066aab;\n--wpforms-button-text-color: #ffffff;\n--wpforms-page-break-color: #066aab;\n--wpforms-background-image: none;\n--wpforms-background-position: center center;\n--wpforms-background-repeat: no-repeat;\n--wpforms-background-size: cover;\n--wpforms-background-width: 100px;\n--wpforms-background-height: 100px;\n--wpforms-background-color: rgba( 0, 0, 0, 0 );\n--wpforms-background-url: none;\n--wpforms-container-padding: 0px;\n--wpforms-container-border-style: none;\n--wpforms-container-border-width: 1px;\n--wpforms-container-border-color: #000000;\n--wpforms-container-border-radius: 3px;\n--wpforms-field-size-input-height: 43px;\n--wpforms-field-size-input-spacing: 15px;\n--wpforms-field-size-font-size: 16px;\n--wpforms-field-size-line-height: 19px;\n--wpforms-field-size-padding-h: 14px;\n--wpforms-field-size-checkbox-size: 16px;\n--wpforms-field-size-sublabel-spacing: 5px;\n--wpforms-field-size-icon-size: 1;\n--wpforms-label-size-font-size: 16px;\n--wpforms-label-size-line-height: 19px;\n--wpforms-label-size-sublabel-font-size: 14px;\n--wpforms-label-size-sublabel-line-height: 17px;\n--wpforms-button-size-font-size: 17px;\n--wpforms-button-size-height: 41px;\n--wpforms-button-size-padding-h: 15px;\n--wpforms-button-size-margin-top: 10px;\n--wpforms-container-shadow-size-box-shadow: none;\n\n\t\t\t\t}\n\t\t\t<\/style><style id=\"wpforms-css-vars-elementor-widget-0e8916c\">\n\t\t\t\t.elementor-widget-wpforms.elementor-element-0e8916c {\n\t\t\t\t\t--wpforms-field-size-input-height: 43px;\n--wpforms-field-size-input-spacing: 15px;\n--wpforms-field-size-font-size: 16px;\n--wpforms-field-size-line-height: 19px;\n--wpforms-field-size-padding-h: 14px;\n--wpforms-field-size-checkbox-size: 16px;\n--wpforms-field-size-sublabel-spacing: 5px;\n--wpforms-field-size-icon-size: 1;\n--wpforms-label-size-font-size: 16px;\n--wpforms-label-size-line-height: 19px;\n--wpforms-label-size-sublabel-font-size: 14px;\n--wpforms-label-size-sublabel-line-height: 17px;\n--wpforms-button-size-font-size: 17px;\n--wpforms-button-size-height: 41px;\n--wpforms-button-size-padding-h: 15px;\n--wpforms-button-size-margin-top: 10px;\n\n\t\t\t\t}\n\t\t\t<\/style><div class=\"wpforms-container wpforms-container-full wpforms-render-modern\" id=\"wpforms-1668\"><form id=\"wpforms-form-1668\" class=\"wpforms-validate wpforms-form\" data-formid=\"1668\" method=\"post\" enctype=\"multipart\/form-data\" action=\"\/fussball\/wp-json\/wp\/v2\/pages\/1908\" data-token=\"a1e59cec8c1486e79159b2ed332cff65\" data-token-time=\"1776316793\"><noscript class=\"wpforms-error-noscript\">Bitte aktiviere JavaScript in deinem Browser, um dieses Formular fertigzustellen.<\/noscript><div class=\"wpforms-hidden\" id=\"wpforms-error-noscript\">Bitte aktiviere JavaScript in deinem Browser, um dieses Formular fertigzustellen.<\/div><div class=\"wpforms-field-container\"><div id=\"wpforms-1668-field_0-container\" class=\"wpforms-field wpforms-field-name\" data-field-id=\"0\"><fieldset><legend class=\"wpforms-field-label\">Name <span class=\"wpforms-required-label\" aria-hidden=\"true\">*<\/span><\/legend><div class=\"wpforms-field-row wpforms-field-large\"><div class=\"wpforms-field-row-block wpforms-first wpforms-one-half\"><input type=\"text\" id=\"wpforms-1668-field_0\" class=\"wpforms-field-name-first wpforms-field-required\" name=\"wpforms[fields][0][first]\" aria-errormessage=\"wpforms-1668-field_0-error\" required><label for=\"wpforms-1668-field_0\" class=\"wpforms-field-sublabel after\">Vorname<\/label><\/div><div class=\"wpforms-field-row-block wpforms-one-half\"><input type=\"text\" id=\"wpforms-1668-field_0-last\" class=\"wpforms-field-name-last wpforms-field-required\" name=\"wpforms[fields][0][last]\" aria-errormessage=\"wpforms-1668-field_0-last-error\" required><label for=\"wpforms-1668-field_0-last\" class=\"wpforms-field-sublabel after\">Nachname<\/label><\/div><\/div><\/fieldset><\/div><div id=\"wpforms-1668-field_1-container\" class=\"wpforms-field wpforms-field-email wpforms-one-half wpforms-first\" data-field-id=\"1\"><label class=\"wpforms-field-label\" for=\"wpforms-1668-field_1\">E-Mail <span class=\"wpforms-required-label\" aria-hidden=\"true\">*<\/span><\/label><input type=\"email\" id=\"wpforms-1668-field_1\" class=\"wpforms-field-large wpforms-field-required\" name=\"wpforms[fields][1]\" spellcheck=\"false\" aria-errormessage=\"wpforms-1668-field_1-error\" aria-describedby=\"wpforms-1668-field_1-description\" required><div id=\"wpforms-1668-field_1-description\" class=\"wpforms-field-description\">Bitte gib deine E-Mail ein, sodass wir in Kontakt bleiben k\u00f6nnen.<\/div><\/div><div id=\"wpforms-1668-field_5-container\" class=\"wpforms-field wpforms-field-number wpforms-one-half\" data-field-id=\"5\"><label class=\"wpforms-field-label\" for=\"wpforms-1668-field_5\">Telefon <span class=\"wpforms-required-label\" aria-hidden=\"true\">*<\/span><\/label><input type=\"number\" id=\"wpforms-1668-field_5\" class=\"wpforms-field-large wpforms-field-required\" name=\"wpforms[fields][5]\" aria-errormessage=\"wpforms-1668-field_5-error\" required><\/div><div id=\"wpforms-1668-field_8-container\" class=\"wpforms-field wpforms-field-text\" data-field-id=\"8\"><label class=\"wpforms-field-label\" for=\"wpforms-1668-field_8\">Geburtsdatum (f\u00fcr Probetraining)<\/label><input type=\"text\" id=\"wpforms-1668-field_8\" class=\"wpforms-field-medium\" name=\"wpforms[fields][8]\" aria-errormessage=\"wpforms-1668-field_8-error\" ><\/div><div id=\"wpforms-1668-field_6-container\" class=\"wpforms-field wpforms-field-select wpforms-field-select-style-classic\" data-field-id=\"6\"><label class=\"wpforms-field-label\" for=\"wpforms-1668-field_6\">Betreff <span class=\"wpforms-required-label\" aria-hidden=\"true\">*<\/span><\/label><select id=\"wpforms-1668-field_6\" class=\"wpforms-field-large wpforms-field-required\" name=\"wpforms[fields][6]\" required=\"required\"><option value=\"\" class=\"placeholder\" disabled  selected='selected'>Bitte ausw\u00e4hlen<\/option><option value=\"Probetraining\" >Probetraining<\/option><option value=\"Mitglied werden\" >Mitglied werden<\/option><option value=\"Vorstand\" >Vorstand<\/option><option value=\"Jugendleitung\" >Jugendleitung<\/option><option value=\"Schiedsrichter\" >Schiedsrichter<\/option><option value=\"Kinder-\/Jugendschutz\" >Kinder-\/Jugendschutz<\/option><option value=\"FSJ\" >FSJ<\/option><option value=\"Sponsoring\/Spende\" >Sponsoring\/Spende<\/option><option value=\"Presse\/PR\" >Presse\/PR<\/option><option value=\"Anderes\" >Anderes<\/option><\/select><div id=\"wpforms-1668-field_6-description\" class=\"wpforms-field-description\">Bitte w\u00e4hle einen Betreff, damit wir die Mail schneller zuordnen und bearbeiten k\u00f6nnen.<\/div><\/div><div id=\"wpforms-1668-field_4-container\" class=\"wpforms-field wpforms-field-textarea\" data-field-id=\"4\"><label class=\"wpforms-field-label\" for=\"wpforms-1668-field_4\">Nachricht <span class=\"wpforms-required-label\" aria-hidden=\"true\">*<\/span><\/label><textarea id=\"wpforms-1668-field_4\" class=\"wpforms-field-medium wpforms-field-required\" name=\"wpforms[fields][4]\" aria-errormessage=\"wpforms-1668-field_4-error\" aria-describedby=\"wpforms-1668-field_4-description\" required><\/textarea><div id=\"wpforms-1668-field_4-description\" class=\"wpforms-field-description\">Hinweis: Bei Anmeldung zum Probetraining bitte den Jahrgang und evtl. alten Verein\/Team dazu schreiben.<\/div><\/div><\/div><!-- .wpforms-field-container --><div class=\"wpforms-submit-container\" ><input type=\"hidden\" name=\"wpforms[id]\" value=\"1668\"><input type=\"hidden\" name=\"page_title\" value=\"\"><input type=\"hidden\" name=\"page_url\" value=\"https:\/\/bsc-rehberge.com\/fussball\/wp-json\/wp\/v2\/pages\/1908\"><button type=\"submit\" name=\"wpforms[submit]\" id=\"wpforms-submit-1668\" class=\"wpforms-submit\" data-alt-text=\"Senden...\" data-submit-text=\"Absenden\" aria-live=\"assertive\" value=\"wpforms-submit\">Absenden<\/button><\/div><\/form><\/div>  <!-- .wpforms-container -->\t\t<\/div>\n\t\t\t\t<\/div>\n\t\t\t\t<div class=\"elementor-element elementor-element-670b68f elementor-widget elementor-widget-text-editor\" data-id=\"670b68f\" data-element_type=\"widget\" data-widget_type=\"text-editor.default\">\n\t\t\t\t<div class=\"elementor-widget-container\">\n\t\t\t\t\t\t\t<p>Mit dem Absenden des Formulars akzeptierst du unsere <a href=\"https:\/\/bsc-rehberge.com\/datenschutzerklaerung\/\" target=\"_blank\" rel=\"noopener\">Datenschutzerkl\u00e4rung<\/a>. Wir m\u00fcssen deine Daten verarbeiten, um dir auf deine Anfrage antworten zu k\u00f6nnen.<\/p>\t\t\t\t\t\t<\/div>\n\t\t\t\t<\/div>\n\t\t\t\t\t<\/div>\n\t\t\t\t<\/div>\n\t\t<div class=\"elementor-element elementor-element-9f467c2 e-flex e-con-boxed e-con e-parent\" data-id=\"9f467c2\" data-element_type=\"container\">\n\t\t\t\t\t<div class=\"e-con-inner\">\n\t\t\t\t<div class=\"elementor-element elementor-element-731b1fc elementor-widget elementor-widget-heading\" data-id=\"731b1fc\" data-element_type=\"widget\" data-widget_type=\"heading.default\">\n\t\t\t\t<div class=\"elementor-widget-container\">\n\t\t\t<h3 class=\"elementor-heading-title elementor-size-default\">Hinweise bei der Anmeldung zum Probetraining:<\/h3>\t\t<\/div>\n\t\t\t\t<\/div>\n\t\t\t\t<div class=\"elementor-element elementor-element-76857f3 elementor-widget elementor-widget-text-editor\" data-id=\"76857f3\" data-element_type=\"widget\" data-widget_type=\"text-editor.default\">\n\t\t\t\t<div class=\"elementor-widget-container\">\n\t\t\t\t\t\t\t<ul><li>Bitte bei der Anmeldung zum Probetraining den Jahrgang und ggf. alten Verein\/ Team mit dazu schreiben!<\/li><li>Die Jahrg\u00e4nge 2015 und \u00e4lter k\u00f6nnen nur noch mit Fu\u00dfballvorerfahrung zum Probetraining!<\/li><li>M\u00e4dchen k\u00f6nnen sich unabh\u00e4ngig vom Aufnahmestopp anmelden!<\/li><li>Spieler, dessen Eltern gerne Trainer\/Betreuer bei uns werden wollen, haben Vorrang und k\u00f6nnen unabh\u00e4ngig vom Aufnahmestopp aufgenommen werden! Melden Sie sich bei uns!<\/li><\/ul>\t\t\t\t\t\t<\/div>\n\t\t\t\t<\/div>\n\t\t\t\t\t<\/div>\n\t\t\t\t<\/div>\n\t\t\t\t<\/div>\n\t\t","protected":false},"excerpt":{"rendered":"<p>Kontaktformulare Schreibe uns hier Kontaktiere uns gern \u00fcber unser Kontaktformular. Egal, ob es hier um deinen Mitgliedsantrag bzw. die Anmeldung zu einem Probetraining geht (Infos dazu unten), du dich anderweitig bei uns im Verein bet\u00e4tigen m\u00f6chtest, ein Sponsoring-Angebot hast oder sonstige Anliegen, hier bist du richtig. W\u00e4hl das entsprechende Anliegen im Kontaktformular aus. Bitte aktiviere [&hellip;]<\/p>\n","protected":false},"author":5,"featured_media":0,"parent":0,"menu_order":0,"comment_status":"closed","ping_status":"closed","template":"","meta":{"footnotes":""},"class_list":["post-1908","page","type-page","status-publish","hentry"],"yoast_head":"<!-- This site is optimized with the Yoast SEO plugin v22.9 - https:\/\/yoast.com\/wordpress\/plugins\/seo\/ -->\n<title>Kontakt - BSC Rehberge \u2013 Fu\u00dfball<\/title>\n<meta name=\"robots\" content=\"index, follow, max-snippet:-1, max-image-preview:large, max-video-preview:-1\" \/>\n<link rel=\"canonical\" href=\"https:\/\/bsc-rehberge.com\/fussball\/kontakt\/\" \/>\n<meta property=\"og:locale\" content=\"de_DE\" \/>\n<meta property=\"og:type\" content=\"article\" \/>\n<meta property=\"og:title\" content=\"Kontakt - BSC Rehberge \u2013 Fu\u00dfball\" \/>\n<meta property=\"og:description\" content=\"Kontaktformulare Schreibe uns hier Kontaktiere uns gern \u00fcber unser Kontaktformular. Egal, ob es hier um deinen Mitgliedsantrag bzw. die Anmeldung zu einem Probetraining geht (Infos dazu unten), du dich anderweitig bei uns im Verein bet\u00e4tigen m\u00f6chtest, ein Sponsoring-Angebot hast oder sonstige Anliegen, hier bist du richtig. W\u00e4hl das entsprechende Anliegen im Kontaktformular aus. Bitte aktiviere [&hellip;]\" \/>\n<meta property=\"og:url\" content=\"https:\/\/bsc-rehberge.com\/fussball\/kontakt\/\" \/>\n<meta property=\"og:site_name\" content=\"BSC Rehberge \u2013 Fu\u00dfball\" \/>\n<meta property=\"article:modified_time\" content=\"2024-06-11T18:31:55+00:00\" \/>\n<meta name=\"twitter:card\" content=\"summary_large_image\" \/>\n<meta name=\"twitter:label1\" content=\"Gesch\u00e4tzte Lesezeit\" \/>\n\t<meta name=\"twitter:data1\" content=\"1\u00a0Minute\" \/>\n<script type=\"application\/ld+json\" class=\"yoast-schema-graph\">{\"@context\":\"https:\/\/schema.org\",\"@graph\":[{\"@type\":\"WebPage\",\"@id\":\"https:\/\/bsc-rehberge.com\/fussball\/kontakt\/\",\"url\":\"https:\/\/bsc-rehberge.com\/fussball\/kontakt\/\",\"name\":\"Kontakt - BSC Rehberge \u2013 Fu\u00dfball\",\"isPartOf\":{\"@id\":\"https:\/\/bsc-rehberge.com\/fussball\/#website\"},\"datePublished\":\"2021-05-16T15:05:15+00:00\",\"dateModified\":\"2024-06-11T18:31:55+00:00\",\"breadcrumb\":{\"@id\":\"https:\/\/bsc-rehberge.com\/fussball\/kontakt\/#breadcrumb\"},\"inLanguage\":\"de\",\"potentialAction\":[{\"@type\":\"ReadAction\",\"target\":[\"https:\/\/bsc-rehberge.com\/fussball\/kontakt\/\"]}]},{\"@type\":\"BreadcrumbList\",\"@id\":\"https:\/\/bsc-rehberge.com\/fussball\/kontakt\/#breadcrumb\",\"itemListElement\":[{\"@type\":\"ListItem\",\"position\":1,\"name\":\"Startseite\",\"item\":\"https:\/\/bsc-rehberge.com\/fussball\/\"},{\"@type\":\"ListItem\",\"position\":2,\"name\":\"Kontakt\"}]},{\"@type\":\"WebSite\",\"@id\":\"https:\/\/bsc-rehberge.com\/fussball\/#website\",\"url\":\"https:\/\/bsc-rehberge.com\/fussball\/\",\"name\":\"BSC Rehberge \u2013 Fu\u00dfball\",\"description\":\"Im Mittelpunkt stehen die Kinder\",\"publisher\":{\"@id\":\"https:\/\/bsc-rehberge.com\/fussball\/#organization\"},\"potentialAction\":[{\"@type\":\"SearchAction\",\"target\":{\"@type\":\"EntryPoint\",\"urlTemplate\":\"https:\/\/bsc-rehberge.com\/fussball\/?s={search_term_string}\"},\"query-input\":\"required name=search_term_string\"}],\"inLanguage\":\"de\"},{\"@type\":\"Organization\",\"@id\":\"https:\/\/bsc-rehberge.com\/fussball\/#organization\",\"name\":\"BSC Rehberge \u2013 Fu\u00dfball\",\"url\":\"https:\/\/bsc-rehberge.com\/fussball\/\",\"logo\":{\"@type\":\"ImageObject\",\"inLanguage\":\"de\",\"@id\":\"https:\/\/bsc-rehberge.com\/fussball\/#\/schema\/logo\/image\/\",\"url\":\"https:\/\/bsc-rehberge.com\/fussball\/wp-content\/uploads\/sites\/2\/2024\/06\/bsc-rehberge-logo-kontur.svg\",\"contentUrl\":\"https:\/\/bsc-rehberge.com\/fussball\/wp-content\/uploads\/sites\/2\/2024\/06\/bsc-rehberge-logo-kontur.svg\",\"width\":1000,\"height\":1000,\"caption\":\"BSC Rehberge \u2013 Fu\u00dfball\"},\"image\":{\"@id\":\"https:\/\/bsc-rehberge.com\/fussball\/#\/schema\/logo\/image\/\"}}]}<\/script>\n<!-- \/ Yoast SEO plugin. -->","yoast_head_json":{"title":"Kontakt - BSC Rehberge \u2013 Fu\u00dfball","robots":{"index":"index","follow":"follow","max-snippet":"max-snippet:-1","max-image-preview":"max-image-preview:large","max-video-preview":"max-video-preview:-1"},"canonical":"https:\/\/bsc-rehberge.com\/fussball\/kontakt\/","og_locale":"de_DE","og_type":"article","og_title":"Kontakt - BSC Rehberge \u2013 Fu\u00dfball","og_description":"Kontaktformulare Schreibe uns hier Kontaktiere uns gern \u00fcber unser Kontaktformular. Egal, ob es hier um deinen Mitgliedsantrag bzw. die Anmeldung zu einem Probetraining geht (Infos dazu unten), du dich anderweitig bei uns im Verein bet\u00e4tigen m\u00f6chtest, ein Sponsoring-Angebot hast oder sonstige Anliegen, hier bist du richtig. W\u00e4hl das entsprechende Anliegen im Kontaktformular aus. Bitte aktiviere [&hellip;]","og_url":"https:\/\/bsc-rehberge.com\/fussball\/kontakt\/","og_site_name":"BSC Rehberge \u2013 Fu\u00dfball","article_modified_time":"2024-06-11T18:31:55+00:00","twitter_card":"summary_large_image","twitter_misc":{"Gesch\u00e4tzte Lesezeit":"1\u00a0Minute"},"schema":{"@context":"https:\/\/schema.org","@graph":[{"@type":"WebPage","@id":"https:\/\/bsc-rehberge.com\/fussball\/kontakt\/","url":"https:\/\/bsc-rehberge.com\/fussball\/kontakt\/","name":"Kontakt - BSC Rehberge \u2013 Fu\u00dfball","isPartOf":{"@id":"https:\/\/bsc-rehberge.com\/fussball\/#website"},"datePublished":"2021-05-16T15:05:15+00:00","dateModified":"2024-06-11T18:31:55+00:00","breadcrumb":{"@id":"https:\/\/bsc-rehberge.com\/fussball\/kontakt\/#breadcrumb"},"inLanguage":"de","potentialAction":[{"@type":"ReadAction","target":["https:\/\/bsc-rehberge.com\/fussball\/kontakt\/"]}]},{"@type":"BreadcrumbList","@id":"https:\/\/bsc-rehberge.com\/fussball\/kontakt\/#breadcrumb","itemListElement":[{"@type":"ListItem","position":1,"name":"Startseite","item":"https:\/\/bsc-rehberge.com\/fussball\/"},{"@type":"ListItem","position":2,"name":"Kontakt"}]},{"@type":"WebSite","@id":"https:\/\/bsc-rehberge.com\/fussball\/#website","url":"https:\/\/bsc-rehberge.com\/fussball\/","name":"BSC Rehberge \u2013 Fu\u00dfball","description":"Im Mittelpunkt stehen die Kinder","publisher":{"@id":"https:\/\/bsc-rehberge.com\/fussball\/#organization"},"potentialAction":[{"@type":"SearchAction","target":{"@type":"EntryPoint","urlTemplate":"https:\/\/bsc-rehberge.com\/fussball\/?s={search_term_string}"},"query-input":"required name=search_term_string"}],"inLanguage":"de"},{"@type":"Organization","@id":"https:\/\/bsc-rehberge.com\/fussball\/#organization","name":"BSC Rehberge \u2013 Fu\u00dfball","url":"https:\/\/bsc-rehberge.com\/fussball\/","logo":{"@type":"ImageObject","inLanguage":"de","@id":"https:\/\/bsc-rehberge.com\/fussball\/#\/schema\/logo\/image\/","url":"https:\/\/bsc-rehberge.com\/fussball\/wp-content\/uploads\/sites\/2\/2024\/06\/bsc-rehberge-logo-kontur.svg","contentUrl":"https:\/\/bsc-rehberge.com\/fussball\/wp-content\/uploads\/sites\/2\/2024\/06\/bsc-rehberge-logo-kontur.svg","width":1000,"height":1000,"caption":"BSC Rehberge \u2013 Fu\u00dfball"},"image":{"@id":"https:\/\/bsc-rehberge.com\/fussball\/#\/schema\/logo\/image\/"}}]}},"_links":{"self":[{"href":"https:\/\/bsc-rehberge.com\/fussball\/wp-json\/wp\/v2\/pages\/1908","targetHints":{"allow":["GET"]}}],"collection":[{"href":"https:\/\/bsc-rehberge.com\/fussball\/wp-json\/wp\/v2\/pages"}],"about":[{"href":"https:\/\/bsc-rehberge.com\/fussball\/wp-json\/wp\/v2\/types\/page"}],"author":[{"embeddable":true,"href":"https:\/\/bsc-rehberge.com\/fussball\/wp-json\/wp\/v2\/users\/5"}],"replies":[{"embeddable":true,"href":"https:\/\/bsc-rehberge.com\/fussball\/wp-json\/wp\/v2\/comments?post=1908"}],"version-history":[{"count":55,"href":"https:\/\/bsc-rehberge.com\/fussball\/wp-json\/wp\/v2\/pages\/1908\/revisions"}],"predecessor-version":[{"id":3937,"href":"https:\/\/bsc-rehberge.com\/fussball\/wp-json\/wp\/v2\/pages\/1908\/revisions\/3937"}],"wp:attachment":[{"href":"https:\/\/bsc-rehberge.com\/fussball\/wp-json\/wp\/v2\/media?parent=1908"}],"curies":[{"name":"wp","href":"https:\/\/api.w.org\/{rel}","templated":true}]}}