{"id":159,"date":"2019-07-18T00:41:59","date_gmt":"2019-07-17T22:41:59","guid":{"rendered":"http:\/\/bsc-rehberge.com\/fussball\/?page_id=159"},"modified":"2026-01-14T16:20:13","modified_gmt":"2026-01-14T15:20:13","slug":"schiedsrichter","status":"publish","type":"page","link":"https:\/\/bsc-rehberge.com\/fussball\/schiedsrichter\/","title":{"rendered":"Schiedsrichter"},"content":{"rendered":"\t\t<div data-elementor-type=\"wp-page\" data-elementor-id=\"159\" class=\"elementor elementor-159\">\n\t\t\t\t<div class=\"elementor-element elementor-element-2d72d6b e-flex e-con-boxed e-con e-parent\" data-id=\"2d72d6b\" data-element_type=\"container\">\n\t\t\t\t\t<div class=\"e-con-inner\">\n\t\t\t\t<div class=\"elementor-element elementor-element-c928829 elementor-widget elementor-widget-heading\" data-id=\"c928829\" data-element_type=\"widget\" data-widget_type=\"heading.default\">\n\t\t\t\t<div class=\"elementor-widget-container\">\n\t\t\t<style>\/*! elementor - v3.22.0 - 17-06-2024 *\/\n.elementor-heading-title{padding:0;margin:0;line-height:1}.elementor-widget-heading .elementor-heading-title[class*=elementor-size-]>a{color:inherit;font-size:inherit;line-height:inherit}.elementor-widget-heading .elementor-heading-title.elementor-size-small{font-size:15px}.elementor-widget-heading .elementor-heading-title.elementor-size-medium{font-size:19px}.elementor-widget-heading .elementor-heading-title.elementor-size-large{font-size:29px}.elementor-widget-heading .elementor-heading-title.elementor-size-xl{font-size:39px}.elementor-widget-heading .elementor-heading-title.elementor-size-xxl{font-size:59px}<\/style><h1 class=\"elementor-heading-title elementor-size-default\">Schiedsrichter<\/h1>\t\t<\/div>\n\t\t\t\t<\/div>\n\t\t<div class=\"elementor-element elementor-element-5f42197 e-con-full e-flex e-con e-child\" data-id=\"5f42197\" data-element_type=\"container\" data-settings=\"{&quot;background_background&quot;:&quot;classic&quot;}\">\n\t\t\t\t<div class=\"elementor-element elementor-element-063212e elementor-widget elementor-widget-heading\" data-id=\"063212e\" data-element_type=\"widget\" data-widget_type=\"heading.default\">\n\t\t\t\t<div class=\"elementor-widget-container\">\n\t\t\t<div class=\"elementor-heading-title elementor-size-default\">Schiedsrichterobmann<\/div>\t\t<\/div>\n\t\t\t\t<\/div>\n\t\t\t\t<div class=\"elementor-element elementor-element-bf0a77c elementor-widget elementor-widget-text-editor\" data-id=\"bf0a77c\" data-element_type=\"widget\" data-widget_type=\"text-editor.default\">\n\t\t\t\t<div class=\"elementor-widget-container\">\n\t\t\t<style>\/*! elementor - v3.22.0 - 17-06-2024 *\/\n.elementor-widget-text-editor.elementor-drop-cap-view-stacked .elementor-drop-cap{background-color:#69727d;color:#fff}.elementor-widget-text-editor.elementor-drop-cap-view-framed .elementor-drop-cap{color:#69727d;border:3px solid;background-color:transparent}.elementor-widget-text-editor:not(.elementor-drop-cap-view-default) .elementor-drop-cap{margin-top:8px}.elementor-widget-text-editor:not(.elementor-drop-cap-view-default) .elementor-drop-cap-letter{width:1em;height:1em}.elementor-widget-text-editor .elementor-drop-cap{float:left;text-align:center;line-height:1;font-size:50px}.elementor-widget-text-editor .elementor-drop-cap-letter{display:inline-block}<\/style>\t\t\t\t<strong>Christian Grande<\/strong><br\/>0152 55991880<br\/>christian.grande@bsc-rehberge.com\t\t\t\t\t\t<\/div>\n\t\t\t\t<\/div>\n\t\t\t\t<\/div>\n\t\t\t\t<div class=\"elementor-element elementor-element-40eea3f elementor-widget elementor-widget-heading\" data-id=\"40eea3f\" data-element_type=\"widget\" data-widget_type=\"heading.default\">\n\t\t\t\t<div class=\"elementor-widget-container\">\n\t\t\t<h2 class=\"elementor-heading-title elementor-size-default\">Alle Schiedsrichter<\/h2>\t\t<\/div>\n\t\t\t\t<\/div>\n\t\t<div class=\"elementor-element elementor-element-1fcf1d4 e-con-full e-grid e-con e-child\" data-id=\"1fcf1d4\" data-element_type=\"container\" data-settings=\"{&quot;background_background&quot;:&quot;classic&quot;}\">\n\t\t<div class=\"elementor-element elementor-element-972cd46 e-con-full e-flex e-con e-child\" data-id=\"972cd46\" data-element_type=\"container\" data-settings=\"{&quot;background_background&quot;:&quot;classic&quot;}\">\n\t\t\t\t<div class=\"elementor-element elementor-element-9cff802 elementor-widget elementor-widget-heading\" data-id=\"9cff802\" data-element_type=\"widget\" data-widget_type=\"heading.default\">\n\t\t\t\t<div class=\"elementor-widget-container\">\n\t\t\t<div class=\"elementor-heading-title elementor-size-default\">Kai Jan\u00dfen<\/div>\t\t<\/div>\n\t\t\t\t<\/div>\n\t\t\t\t<\/div>\n\t\t<div class=\"elementor-element elementor-element-47e6b2d e-con-full e-flex e-con e-child\" data-id=\"47e6b2d\" data-element_type=\"container\" data-settings=\"{&quot;background_background&quot;:&quot;classic&quot;}\">\n\t\t\t\t<div class=\"elementor-element elementor-element-70ca1d8 elementor-widget elementor-widget-heading\" data-id=\"70ca1d8\" data-element_type=\"widget\" data-widget_type=\"heading.default\">\n\t\t\t\t<div class=\"elementor-widget-container\">\n\t\t\t<div class=\"elementor-heading-title elementor-size-default\">Stefan Paffrath<\/div>\t\t<\/div>\n\t\t\t\t<\/div>\n\t\t\t\t<\/div>\n\t\t<div class=\"elementor-element elementor-element-48bb54d e-con-full e-flex e-con e-child\" data-id=\"48bb54d\" data-element_type=\"container\" data-settings=\"{&quot;background_background&quot;:&quot;classic&quot;}\">\n\t\t\t\t<div class=\"elementor-element elementor-element-1b6b9a0 elementor-widget elementor-widget-heading\" data-id=\"1b6b9a0\" data-element_type=\"widget\" data-widget_type=\"heading.default\">\n\t\t\t\t<div class=\"elementor-widget-container\">\n\t\t\t<div class=\"elementor-heading-title elementor-size-default\">Ronnie Olewski<\/div>\t\t<\/div>\n\t\t\t\t<\/div>\n\t\t\t\t<\/div>\n\t\t<div class=\"elementor-element elementor-element-a4c4a66 e-con-full e-flex e-con e-child\" data-id=\"a4c4a66\" data-element_type=\"container\" data-settings=\"{&quot;background_background&quot;:&quot;classic&quot;}\">\n\t\t\t\t<div class=\"elementor-element elementor-element-0f73004 elementor-widget elementor-widget-heading\" data-id=\"0f73004\" data-element_type=\"widget\" data-widget_type=\"heading.default\">\n\t\t\t\t<div class=\"elementor-widget-container\">\n\t\t\t<div class=\"elementor-heading-title elementor-size-default\">Florian Meer<\/div>\t\t<\/div>\n\t\t\t\t<\/div>\n\t\t\t\t<\/div>\n\t\t<div class=\"elementor-element elementor-element-9e01341 e-con-full e-flex e-con e-child\" data-id=\"9e01341\" data-element_type=\"container\" data-settings=\"{&quot;background_background&quot;:&quot;classic&quot;}\">\n\t\t\t\t<div class=\"elementor-element elementor-element-217b7c4 elementor-widget elementor-widget-heading\" data-id=\"217b7c4\" data-element_type=\"widget\" data-widget_type=\"heading.default\">\n\t\t\t\t<div class=\"elementor-widget-container\">\n\t\t\t<div class=\"elementor-heading-title elementor-size-default\">Murat G\u00fcrleyen<\/div>\t\t<\/div>\n\t\t\t\t<\/div>\n\t\t\t\t<\/div>\n\t\t<div class=\"elementor-element elementor-element-2b04ce2 e-con-full e-flex e-con e-child\" data-id=\"2b04ce2\" data-element_type=\"container\" data-settings=\"{&quot;background_background&quot;:&quot;classic&quot;}\">\n\t\t\t\t<div class=\"elementor-element elementor-element-2cd9a48 elementor-widget elementor-widget-heading\" data-id=\"2cd9a48\" data-element_type=\"widget\" data-widget_type=\"heading.default\">\n\t\t\t\t<div class=\"elementor-widget-container\">\n\t\t\t<div class=\"elementor-heading-title elementor-size-default\">G\u00fcnter Burow<\/div>\t\t<\/div>\n\t\t\t\t<\/div>\n\t\t\t\t<\/div>\n\t\t<div class=\"elementor-element elementor-element-6f3fee3 e-con-full e-flex e-con e-child\" data-id=\"6f3fee3\" data-element_type=\"container\" data-settings=\"{&quot;background_background&quot;:&quot;classic&quot;}\">\n\t\t\t\t<div class=\"elementor-element elementor-element-1b71285 elementor-widget elementor-widget-heading\" data-id=\"1b71285\" data-element_type=\"widget\" data-widget_type=\"heading.default\">\n\t\t\t\t<div class=\"elementor-widget-container\">\n\t\t\t<div class=\"elementor-heading-title elementor-size-default\">Sandro Zanella<\/div>\t\t<\/div>\n\t\t\t\t<\/div>\n\t\t\t\t<\/div>\n\t\t<div class=\"elementor-element elementor-element-79be87f e-con-full e-flex e-con e-child\" data-id=\"79be87f\" data-element_type=\"container\" data-settings=\"{&quot;background_background&quot;:&quot;classic&quot;}\">\n\t\t\t\t<div class=\"elementor-element elementor-element-6eb16f1 elementor-widget elementor-widget-heading\" data-id=\"6eb16f1\" data-element_type=\"widget\" data-widget_type=\"heading.default\">\n\t\t\t\t<div class=\"elementor-widget-container\">\n\t\t\t<div class=\"elementor-heading-title elementor-size-default\">David Stolz<\/div>\t\t<\/div>\n\t\t\t\t<\/div>\n\t\t\t\t<\/div>\n\t\t<div class=\"elementor-element elementor-element-bb1528f e-con-full e-flex e-con e-child\" data-id=\"bb1528f\" data-element_type=\"container\" data-settings=\"{&quot;background_background&quot;:&quot;classic&quot;}\">\n\t\t\t\t<div class=\"elementor-element elementor-element-663d26e elementor-widget elementor-widget-heading\" data-id=\"663d26e\" data-element_type=\"widget\" data-widget_type=\"heading.default\">\n\t\t\t\t<div class=\"elementor-widget-container\">\n\t\t\t<div class=\"elementor-heading-title elementor-size-default\">Menga Lusevakueno<\/div>\t\t<\/div>\n\t\t\t\t<\/div>\n\t\t\t\t<\/div>\n\t\t<div class=\"elementor-element elementor-element-683d2d6 e-con-full e-flex e-con e-child\" data-id=\"683d2d6\" data-element_type=\"container\" data-settings=\"{&quot;background_background&quot;:&quot;classic&quot;}\">\n\t\t\t\t<div class=\"elementor-element elementor-element-b08e1ca elementor-widget elementor-widget-heading\" data-id=\"b08e1ca\" data-element_type=\"widget\" data-widget_type=\"heading.default\">\n\t\t\t\t<div class=\"elementor-widget-container\">\n\t\t\t<div class=\"elementor-heading-title elementor-size-default\">Dimitri-Catalin Burciu<\/div>\t\t<\/div>\n\t\t\t\t<\/div>\n\t\t\t\t<\/div>\n\t\t<div class=\"elementor-element elementor-element-f8ef12c e-con-full e-flex e-con e-child\" data-id=\"f8ef12c\" data-element_type=\"container\" data-settings=\"{&quot;background_background&quot;:&quot;classic&quot;}\">\n\t\t\t\t<div class=\"elementor-element elementor-element-c444198 elementor-widget elementor-widget-heading\" data-id=\"c444198\" data-element_type=\"widget\" data-widget_type=\"heading.default\">\n\t\t\t\t<div class=\"elementor-widget-container\">\n\t\t\t<div class=\"elementor-heading-title elementor-size-default\">Leon Zygowski<\/div>\t\t<\/div>\n\t\t\t\t<\/div>\n\t\t\t\t<\/div>\n\t\t<div class=\"elementor-element elementor-element-c8d0cfc e-con-full e-flex e-con e-child\" data-id=\"c8d0cfc\" data-element_type=\"container\" data-settings=\"{&quot;background_background&quot;:&quot;classic&quot;}\">\n\t\t\t\t<div class=\"elementor-element elementor-element-4a003cc elementor-widget elementor-widget-heading\" data-id=\"4a003cc\" data-element_type=\"widget\" data-widget_type=\"heading.default\">\n\t\t\t\t<div class=\"elementor-widget-container\">\n\t\t\t<div class=\"elementor-heading-title elementor-size-default\">Tyron Kluck<\/div>\t\t<\/div>\n\t\t\t\t<\/div>\n\t\t\t\t<\/div>\n\t\t<div class=\"elementor-element elementor-element-675c55d e-con-full e-flex e-con e-child\" data-id=\"675c55d\" data-element_type=\"container\" data-settings=\"{&quot;background_background&quot;:&quot;classic&quot;}\">\n\t\t\t\t<div class=\"elementor-element elementor-element-901ec27 elementor-widget elementor-widget-heading\" data-id=\"901ec27\" data-element_type=\"widget\" data-widget_type=\"heading.default\">\n\t\t\t\t<div class=\"elementor-widget-container\">\n\t\t\t<div class=\"elementor-heading-title elementor-size-default\">Maurice Schr\u00f6ter<\/div>\t\t<\/div>\n\t\t\t\t<\/div>\n\t\t\t\t<\/div>\n\t\t\t\t<\/div>\n\t\t\t\t\t<\/div>\n\t\t\t\t<\/div>\n\t\t<div class=\"elementor-element elementor-element-1e129eb e-flex e-con-boxed e-con e-parent\" data-id=\"1e129eb\" data-element_type=\"container\">\n\t\t\t\t\t<div class=\"e-con-inner\">\n\t\t\t\t\t<\/div>\n\t\t\t\t<\/div>\n\t\t\t\t<\/div>\n\t\t","protected":false},"excerpt":{"rendered":"<p>Schiedsrichter Schiedsrichterobmann Christian Grande0152 55991880christian.grande@bsc-rehberge.com Alle Schiedsrichter Kai Jan\u00dfen Stefan Paffrath Ronnie Olewski Florian Meer Murat G\u00fcrleyen G\u00fcnter Burow Sandro Zanella David Stolz Menga Lusevakueno Dimitri-Catalin Burciu Leon Zygowski Tyron Kluck Maurice Schr\u00f6ter<\/p>\n","protected":false},"author":1,"featured_media":0,"parent":0,"menu_order":0,"comment_status":"closed","ping_status":"closed","template":"","meta":{"footnotes":""},"class_list":["post-159","page","type-page","status-publish","hentry"],"yoast_head":"<!-- This site is optimized with the Yoast SEO plugin v22.9 - https:\/\/yoast.com\/wordpress\/plugins\/seo\/ -->\n<title>Schiedsrichter - BSC Rehberge \u2013 Fu\u00dfball<\/title>\n<meta name=\"robots\" content=\"index, follow, max-snippet:-1, max-image-preview:large, max-video-preview:-1\" \/>\n<link rel=\"canonical\" href=\"https:\/\/bsc-rehberge.com\/fussball\/schiedsrichter\/\" \/>\n<meta property=\"og:locale\" content=\"de_DE\" \/>\n<meta property=\"og:type\" content=\"article\" \/>\n<meta property=\"og:title\" content=\"Schiedsrichter - BSC Rehberge \u2013 Fu\u00dfball\" \/>\n<meta property=\"og:description\" content=\"Schiedsrichter Schiedsrichterobmann Christian Grande0152 55991880christian.grande@bsc-rehberge.com Alle Schiedsrichter Kai Jan\u00dfen Stefan Paffrath Ronnie Olewski Florian Meer Murat G\u00fcrleyen G\u00fcnter Burow Sandro Zanella David Stolz Menga Lusevakueno Dimitri-Catalin Burciu Leon Zygowski Tyron Kluck Maurice Schr\u00f6ter\" \/>\n<meta property=\"og:url\" content=\"https:\/\/bsc-rehberge.com\/fussball\/schiedsrichter\/\" \/>\n<meta property=\"og:site_name\" content=\"BSC Rehberge \u2013 Fu\u00dfball\" \/>\n<meta property=\"article:modified_time\" content=\"2026-01-14T15:20:13+00:00\" \/>\n<meta name=\"twitter:card\" content=\"summary_large_image\" \/>\n<meta name=\"twitter:label1\" content=\"Gesch\u00e4tzte Lesezeit\" \/>\n\t<meta name=\"twitter:data1\" content=\"1\u00a0Minute\" \/>\n<script type=\"application\/ld+json\" class=\"yoast-schema-graph\">{\"@context\":\"https:\/\/schema.org\",\"@graph\":[{\"@type\":\"WebPage\",\"@id\":\"https:\/\/bsc-rehberge.com\/fussball\/schiedsrichter\/\",\"url\":\"https:\/\/bsc-rehberge.com\/fussball\/schiedsrichter\/\",\"name\":\"Schiedsrichter - BSC Rehberge \u2013 Fu\u00dfball\",\"isPartOf\":{\"@id\":\"https:\/\/bsc-rehberge.com\/fussball\/#website\"},\"datePublished\":\"2019-07-17T22:41:59+00:00\",\"dateModified\":\"2026-01-14T15:20:13+00:00\",\"breadcrumb\":{\"@id\":\"https:\/\/bsc-rehberge.com\/fussball\/schiedsrichter\/#breadcrumb\"},\"inLanguage\":\"de\",\"potentialAction\":[{\"@type\":\"ReadAction\",\"target\":[\"https:\/\/bsc-rehberge.com\/fussball\/schiedsrichter\/\"]}]},{\"@type\":\"BreadcrumbList\",\"@id\":\"https:\/\/bsc-rehberge.com\/fussball\/schiedsrichter\/#breadcrumb\",\"itemListElement\":[{\"@type\":\"ListItem\",\"position\":1,\"name\":\"Startseite\",\"item\":\"https:\/\/bsc-rehberge.com\/fussball\/\"},{\"@type\":\"ListItem\",\"position\":2,\"name\":\"Schiedsrichter\"}]},{\"@type\":\"WebSite\",\"@id\":\"https:\/\/bsc-rehberge.com\/fussball\/#website\",\"url\":\"https:\/\/bsc-rehberge.com\/fussball\/\",\"name\":\"BSC Rehberge \u2013 Fu\u00dfball\",\"description\":\"Im Mittelpunkt stehen die Kinder\",\"publisher\":{\"@id\":\"https:\/\/bsc-rehberge.com\/fussball\/#organization\"},\"potentialAction\":[{\"@type\":\"SearchAction\",\"target\":{\"@type\":\"EntryPoint\",\"urlTemplate\":\"https:\/\/bsc-rehberge.com\/fussball\/?s={search_term_string}\"},\"query-input\":\"required name=search_term_string\"}],\"inLanguage\":\"de\"},{\"@type\":\"Organization\",\"@id\":\"https:\/\/bsc-rehberge.com\/fussball\/#organization\",\"name\":\"BSC Rehberge \u2013 Fu\u00dfball\",\"url\":\"https:\/\/bsc-rehberge.com\/fussball\/\",\"logo\":{\"@type\":\"ImageObject\",\"inLanguage\":\"de\",\"@id\":\"https:\/\/bsc-rehberge.com\/fussball\/#\/schema\/logo\/image\/\",\"url\":\"https:\/\/bsc-rehberge.com\/fussball\/wp-content\/uploads\/sites\/2\/2024\/06\/bsc-rehberge-logo-kontur.svg\",\"contentUrl\":\"https:\/\/bsc-rehberge.com\/fussball\/wp-content\/uploads\/sites\/2\/2024\/06\/bsc-rehberge-logo-kontur.svg\",\"width\":1000,\"height\":1000,\"caption\":\"BSC Rehberge \u2013 Fu\u00dfball\"},\"image\":{\"@id\":\"https:\/\/bsc-rehberge.com\/fussball\/#\/schema\/logo\/image\/\"}}]}<\/script>\n<!-- \/ Yoast SEO plugin. -->","yoast_head_json":{"title":"Schiedsrichter - BSC Rehberge \u2013 Fu\u00dfball","robots":{"index":"index","follow":"follow","max-snippet":"max-snippet:-1","max-image-preview":"max-image-preview:large","max-video-preview":"max-video-preview:-1"},"canonical":"https:\/\/bsc-rehberge.com\/fussball\/schiedsrichter\/","og_locale":"de_DE","og_type":"article","og_title":"Schiedsrichter - BSC Rehberge \u2013 Fu\u00dfball","og_description":"Schiedsrichter Schiedsrichterobmann Christian Grande0152 55991880christian.grande@bsc-rehberge.com Alle Schiedsrichter Kai Jan\u00dfen Stefan Paffrath Ronnie Olewski Florian Meer Murat G\u00fcrleyen G\u00fcnter Burow Sandro Zanella David Stolz Menga Lusevakueno Dimitri-Catalin Burciu Leon Zygowski Tyron Kluck Maurice Schr\u00f6ter","og_url":"https:\/\/bsc-rehberge.com\/fussball\/schiedsrichter\/","og_site_name":"BSC Rehberge \u2013 Fu\u00dfball","article_modified_time":"2026-01-14T15:20:13+00:00","twitter_card":"summary_large_image","twitter_misc":{"Gesch\u00e4tzte Lesezeit":"1\u00a0Minute"},"schema":{"@context":"https:\/\/schema.org","@graph":[{"@type":"WebPage","@id":"https:\/\/bsc-rehberge.com\/fussball\/schiedsrichter\/","url":"https:\/\/bsc-rehberge.com\/fussball\/schiedsrichter\/","name":"Schiedsrichter - BSC Rehberge \u2013 Fu\u00dfball","isPartOf":{"@id":"https:\/\/bsc-rehberge.com\/fussball\/#website"},"datePublished":"2019-07-17T22:41:59+00:00","dateModified":"2026-01-14T15:20:13+00:00","breadcrumb":{"@id":"https:\/\/bsc-rehberge.com\/fussball\/schiedsrichter\/#breadcrumb"},"inLanguage":"de","potentialAction":[{"@type":"ReadAction","target":["https:\/\/bsc-rehberge.com\/fussball\/schiedsrichter\/"]}]},{"@type":"BreadcrumbList","@id":"https:\/\/bsc-rehberge.com\/fussball\/schiedsrichter\/#breadcrumb","itemListElement":[{"@type":"ListItem","position":1,"name":"Startseite","item":"https:\/\/bsc-rehberge.com\/fussball\/"},{"@type":"ListItem","position":2,"name":"Schiedsrichter"}]},{"@type":"WebSite","@id":"https:\/\/bsc-rehberge.com\/fussball\/#website","url":"https:\/\/bsc-rehberge.com\/fussball\/","name":"BSC Rehberge \u2013 Fu\u00dfball","description":"Im Mittelpunkt stehen die Kinder","publisher":{"@id":"https:\/\/bsc-rehberge.com\/fussball\/#organization"},"potentialAction":[{"@type":"SearchAction","target":{"@type":"EntryPoint","urlTemplate":"https:\/\/bsc-rehberge.com\/fussball\/?s={search_term_string}"},"query-input":"required name=search_term_string"}],"inLanguage":"de"},{"@type":"Organization","@id":"https:\/\/bsc-rehberge.com\/fussball\/#organization","name":"BSC Rehberge \u2013 Fu\u00dfball","url":"https:\/\/bsc-rehberge.com\/fussball\/","logo":{"@type":"ImageObject","inLanguage":"de","@id":"https:\/\/bsc-rehberge.com\/fussball\/#\/schema\/logo\/image\/","url":"https:\/\/bsc-rehberge.com\/fussball\/wp-content\/uploads\/sites\/2\/2024\/06\/bsc-rehberge-logo-kontur.svg","contentUrl":"https:\/\/bsc-rehberge.com\/fussball\/wp-content\/uploads\/sites\/2\/2024\/06\/bsc-rehberge-logo-kontur.svg","width":1000,"height":1000,"caption":"BSC Rehberge \u2013 Fu\u00dfball"},"image":{"@id":"https:\/\/bsc-rehberge.com\/fussball\/#\/schema\/logo\/image\/"}}]}},"_links":{"self":[{"href":"https:\/\/bsc-rehberge.com\/fussball\/wp-json\/wp\/v2\/pages\/159","targetHints":{"allow":["GET"]}}],"collection":[{"href":"https:\/\/bsc-rehberge.com\/fussball\/wp-json\/wp\/v2\/pages"}],"about":[{"href":"https:\/\/bsc-rehberge.com\/fussball\/wp-json\/wp\/v2\/types\/page"}],"author":[{"embeddable":true,"href":"https:\/\/bsc-rehberge.com\/fussball\/wp-json\/wp\/v2\/users\/1"}],"replies":[{"embeddable":true,"href":"https:\/\/bsc-rehberge.com\/fussball\/wp-json\/wp\/v2\/comments?post=159"}],"version-history":[{"count":68,"href":"https:\/\/bsc-rehberge.com\/fussball\/wp-json\/wp\/v2\/pages\/159\/revisions"}],"predecessor-version":[{"id":4409,"href":"https:\/\/bsc-rehberge.com\/fussball\/wp-json\/wp\/v2\/pages\/159\/revisions\/4409"}],"wp:attachment":[{"href":"https:\/\/bsc-rehberge.com\/fussball\/wp-json\/wp\/v2\/media?parent=159"}],"curies":[{"name":"wp","href":"https:\/\/api.w.org\/{rel}","templated":true}]}}